{"id":134,"date":"2012-10-16T09:36:55","date_gmt":"2012-10-16T09:36:55","guid":{"rendered":"http:\/\/www.marsciani.net\/seminario\/?page_id=134"},"modified":"2025-03-11T12:50:26","modified_gmt":"2025-03-11T11:50:26","slug":"edizione-in-corso","status":"publish","type":"page","link":"https:\/\/www.marsciani.net\/seminario\/edizione-in-corso\/","title":{"rendered":"Edizione in corso \/ Current edition"},"content":{"rendered":"\n\n\n<hr class=\"wp-block-separator has-css-opacity\"\/>\n\n\n<p><strong>Quest&#8217;anno (2025) il Seminario<\/strong> cambia radicalmente formula organizzativa. Si svincola dall&#8217;organizzazione accademica cui era stato costretto nel corso degli anni precedenti e guadagna una libert\u00e0 sia spaziale che temporale. Gli incontri &#8211; in presenza con possibilit\u00e0 di collegamento da remoto &#8211; avranno sede presso diverse istituzioni dislocate lungo la penisola (universit\u00e0, centri di ricerca, enti pubblici e privati) e in momenti, giorni e orari, dettati dalle opportunit\u00e0 che si individueranno di volta in volta e di cui il calendario pubblicato qui a fianco sar\u00e0 testimone.<\/p>\n<p>Il tema che verr\u00e0 approfondito quest&#8217;anno (e che potr\u00e0 impegnare i lavori del Seminario anche per un tempo pi\u00f9 lungo) porta il titolo : &#8220;La questione degli anelli&#8221;, con riferimento ai livelli della pratica semiotica di cui aveva gi\u00e0 parlato Greimas in <em>Semantica Strutturale<\/em> e poi ripresi da Paolo Fabbri in <em>La svolta semiotica<\/em> con l&#8217;intento di misurare la capacit\u00e0 della semiotica di salvaguardare i nessi che legano tra loro i diversi livelli (descrittivo, metodologico, teorico ed epistemologico). Oltre a diverse riprese della problematica emerse qui e l\u00e0 nel corso degli anni, pi\u00f9 recentemente su questi temi \u00e8 tornato Gianfranco Marrone in pi\u00f9 occasioni. Un testo appena pi\u00f9 esteso per presentare il tema del Seminario lo si pu\u00f2 trovare in <a href=\"https:\/\/www.marsciani.net\/seminario\/wp-content\/uploads\/2025\/03\/Presentazione-Seminario-24-25.pdf\">Presentazione Seminario 2025<\/a>.<\/p>\n<p>Come sempre lasceremo spazio alle domande di approfondimento, chiarimento e perplessit\u00e0 da parte dei partecipanti, studenti, ricercatori, studiosi.<\/p>\n<p>Su questa pagina raccoglieremo progressivamente i materiali che il Seminario produrr\u00e0 (indicazioni di lettura, discussioni, proposte) e le informazioni di servizio che si renderanno necessarie man mano.<\/p>\n\n\n<hr class=\"wp-block-separator has-css-opacity\"\/>\n\n\n\n<h3>Attenzione<\/h3>\n\n\n\n<p>Il link per l&#8217;accesso da remoto verr\u00e0 pubblicato di volta in volta a ridosso degli incontri, a causa del fatto che le varie istituzioni che ci ospiteranno potranno adottare piattaforme diverse le une dalle altre. <br \/>Se ne dar\u00e0 notizia in questo sito nelle News accessibili dalla Home, sulla pagina Facebook del Seminario e tramite comunicazione alla mailing list (alla quale ci si pu\u00f2 iscrivere facendone richiesta con una mail a francesco.marsciani@gmail.com).<\/p>\n\n\n\n<div class=\"wp-block-group is-nowrap is-layout-flex wp-container-core-group-is-layout-ad2f72ca wp-block-group-is-layout-flex\">\n<p>Le registrazioni degli incontri verranno pubblicate sul canale YouTube del Seminario a questo link: <a href=\"https:\/\/www.youtube.com\/channel\/UCVhQns5qUwpRSLHtlbYGvig\">https:\/\/www.youtube.com\/channel\/UCVhQns5qUwpRSLHtlbYGvig<\/a><\/p>\n\n\n\n<p><\/p>\n<\/div>\n\n\n\n<hr class=\"wp-block-separator has-css-opacity\"\/>\n\n\n\n<h2 class=\"wp-block-heading\" id=\"materiali-e-letture\">MATERIALI E LETTURE<\/h2>\n\n\n\n<p><\/p>\n","protected":false},"excerpt":{"rendered":"<p class=\"excerpt\">Quest&#8217;anno (2025) il Seminario cambia radicalmente formula organizzativa. Si svincola dall&#8217;organizzazione accademica cui era stato costretto nel corso degli anni precedenti e guadagna una libert\u00e0 sia spaziale che temporale. Gli incontri &#8211; in presenza con possibilit\u00e0 di collegamento da remoto &#8211; avranno sede presso diverse istituzioni dislocate lungo la penisola (universit\u00e0, centri di ricerca, enti pubblici e privati) e in&hellip;<\/p>\n<p class=\"more-link-p\"><a class=\"btn btn-default\" href=\"https:\/\/www.marsciani.net\/seminario\/edizione-in-corso\/\">Read more<\/a><\/p>\n","protected":false},"author":1,"featured_media":1499,"parent":0,"menu_order":23,"comment_status":"closed","ping_status":"open","template":"","meta":{"_seopress_robots_primary_cat":"","_monsterinsights_skip_tracking":false,"_monsterinsights_sitenote_active":false,"_monsterinsights_sitenote_note":"","_monsterinsights_sitenote_category":0,"footnotes":""},"class_list":["post-134","page","type-page","status-publish","has-post-thumbnail","hentry"],"_links":{"self":[{"href":"https:\/\/www.marsciani.net\/seminario\/wp-json\/wp\/v2\/pages\/134","targetHints":{"allow":["GET"]}}],"collection":[{"href":"https:\/\/www.marsciani.net\/seminario\/wp-json\/wp\/v2\/pages"}],"about":[{"href":"https:\/\/www.marsciani.net\/seminario\/wp-json\/wp\/v2\/types\/page"}],"author":[{"embeddable":true,"href":"https:\/\/www.marsciani.net\/seminario\/wp-json\/wp\/v2\/users\/1"}],"replies":[{"embeddable":true,"href":"https:\/\/www.marsciani.net\/seminario\/wp-json\/wp\/v2\/comments?post=134"}],"version-history":[{"count":143,"href":"https:\/\/www.marsciani.net\/seminario\/wp-json\/wp\/v2\/pages\/134\/revisions"}],"predecessor-version":[{"id":2028,"href":"https:\/\/www.marsciani.net\/seminario\/wp-json\/wp\/v2\/pages\/134\/revisions\/2028"}],"wp:featuredmedia":[{"embeddable":true,"href":"https:\/\/www.marsciani.net\/seminario\/wp-json\/wp\/v2\/media\/1499"}],"wp:attachment":[{"href":"https:\/\/www.marsciani.net\/seminario\/wp-json\/wp\/v2\/media?parent=134"}],"curies":[{"name":"wp","href":"https:\/\/api.w.org\/{rel}","templated":true}]}}